{"id":5701,"date":"2026-04-19T18:44:39","date_gmt":"2026-04-20T00:44:39","guid":{"rendered":"https:\/\/lithpex.com\/2026\/?page_id=5701"},"modified":"2026-04-20T06:37:26","modified_gmt":"2026-04-20T12:37:26","slug":"palmares","status":"publish","type":"page","link":"https:\/\/lithpex.com\/2026\/palmares\/","title":{"rendered":"Awards \/ Palmar\u00e8s"},"content":{"rendered":"\n<h3 class=\"wp-block-heading\"><strong>LITHPEX 2026 AWARDS \/ APDOVANOJIMAI<\/strong> (April 19, 2026)<\/h3>\n\n\n\n<br>&nbsp;<\/br>\n\n\n\n<h4 class=\"wp-block-heading\"><strong>MULTI-FRAME EXHIBITS<\/strong><\/h4>\n\n\n\n<figure class=\"wp-block-table is-style-stripes\"><table><thead><tr><th>Name<\/th><th>Title<\/th><th class=\"has-text-align-center\" data-align=\"center\">Points<\/th><th class=\"has-text-align-center\" data-align=\"center\">Medal<\/th><\/tr><\/thead><tbody><tr><td>Vygintas Bubnys<\/td><td>First postage stamps of Lithuania [5F]<\/td><td class=\"has-text-align-center\" data-align=\"center\">94<\/td><td class=\"has-text-align-center\" data-align=\"center\">LG<\/td><\/tr><tr><td>Antanas Burkus<\/td><td>French Occupation Zone Stamps Designed by V. K.&nbsp; Jonynas [5F]<\/td><td class=\"has-text-align-center\" data-align=\"center\">87<\/td><td class=\"has-text-align-center\" data-align=\"center\">G<\/td><\/tr><tr><td>Gra\u017eina \u017demaitien\u0117<\/td><td>Publishers of postcards with images of Kudirka Naumiestis (Vladislavovo) and \u0160irvinta, 1900-1942 [5F]<\/td><td class=\"has-text-align-center\" data-align=\"center\">84<\/td><td class=\"has-text-align-center\" data-align=\"center\">LV<\/td><\/tr><tr><td>Ri\u010dardas Vainora<\/td><td>Lithuanian postage stamps, envelopes, commemorative postmarks. Year 2024 [5F]<\/td><td class=\"has-text-align-center\" data-align=\"center\">77<\/td><td class=\"has-text-align-center\" data-align=\"center\">V<\/td><\/tr><tr><td>Juozas Urbonas<\/td><td>Lithuania in World philately [5F]<\/td><td class=\"has-text-align-center\" data-align=\"center\">75<\/td><td class=\"has-text-align-center\" data-align=\"center\">V<\/td><\/tr><tr><td>Juozas Urbonas<\/td><td>Field Post Office No. 209. 1915\u20131918 [5F]<\/td><td class=\"has-text-align-center\" data-align=\"center\">70<\/td><td class=\"has-text-align-center\" data-align=\"center\">LS<\/td><\/tr><\/tbody><\/table><figcaption class=\"wp-element-caption\"><sub><em>B (55-59) \/ SB (60-64) \/ S (65-69) \/ LS (70-74) \/ V (75-79 \/ LV (80-84) \/ G (85-89) \/ LG (90-100)<\/em><\/sub><\/figcaption><\/figure>\n\n\n\n<br>&nbsp;<\/br>\n\n\n\n<h4 class=\"wp-block-heading\"><strong>NARROW THEME EXHIBITS<\/strong><\/h4>\n\n\n\n<figure class=\"wp-block-table is-style-stripes\"><table><thead><tr><th>Name<\/th><th>Title<\/th><th class=\"has-text-align-center\" data-align=\"center\">Points<\/th><th class=\"has-text-align-center\" data-align=\"center\">Medal<\/th><\/tr><\/thead><tbody><tr><td>Vitaly Geyfman<\/td><td>WWII German Occupation of Lithuania. Town of Als\u0117d\u017eiai Provisional Overprints  [1F]<\/td><td class=\"has-text-align-center\" data-align=\"center\">91<\/td><td class=\"has-text-align-center\" data-align=\"center\">G<\/td><\/tr><tr><td>Audrius Brazdeikis<\/td><td>Kibarty (Kybartai) 1865\u20131940 \u2014 A Frontier Postal Exchange and Transit Node  [2F]<\/td><td class=\"has-text-align-center\" data-align=\"center\">91<\/td><td class=\"has-text-align-center\" data-align=\"center\">G<\/td><\/tr><tr><td>Edmundas Liesis<\/td><td>&nbsp;The first Lithuanian standard post stamps. Kaunas coloured issue  [1F]<\/td><td class=\"has-text-align-center\" data-align=\"center\">88<\/td><td class=\"has-text-align-center\" data-align=\"center\">G<\/td><\/tr><tr><td>Antanas Jankauskas<\/td><td>50 Sk Stamp From Definitive \u201cSower\u201d Issue [3F]<\/td><td class=\"has-text-align-center\" data-align=\"center\">87<\/td><td class=\"has-text-align-center\" data-align=\"center\">G<\/td><\/tr><\/tbody><\/table><figcaption class=\"wp-element-caption\"><sub><em>B&lt;64  \/ S (65-74) \/ V (75-84) \/ G (85-100)<\/em><\/sub><\/figcaption><\/figure>\n\n\n\n<br>&nbsp;<\/br>\n\n\n\n<h4 class=\"wp-block-heading\"><strong>LITERATURE CLASS<\/strong><\/h4>\n\n\n\n<figure class=\"wp-block-table is-style-stripes\"><table><thead><tr><th>Name<\/th><th>Title<\/th><th class=\"has-text-align-center\" data-align=\"center\">Points<\/th><th class=\"has-text-align-center\" data-align=\"center\">Medal<\/th><\/tr><\/thead><tbody><tr><td>Antanas Jankauskas<\/td><td>Specialised Lithuanian Postage Stamp Catalogue (1918-2024)<\/td><td class=\"has-text-align-center\" data-align=\"center\">95<\/td><td class=\"has-text-align-center\" data-align=\"center\">G<\/td><\/tr><\/tbody><\/table><figcaption class=\"wp-element-caption\"><sub><em>B&lt;64 \/ S (65-84) \/ G (85-100)<\/em><\/sub><\/figcaption><\/figure>\n\n\n\n<br>&nbsp;<\/br>\n\n\n\n<h4 class=\"wp-block-heading\"><strong>MEMBERS OF THE INTERNATIONAL JURY<\/strong><\/h4>\n\n\n\n<figure class=\"wp-block-table is-style-stripes\"><table><tbody><tr><td>Vesma Grinfelds (chief judge), US<\/td><\/tr><tr><td>Jan Kaptein, NL<\/td><\/tr><\/tbody><\/table><\/figure>\n","protected":false},"excerpt":{"rendered":"<p>LITHPEX 2026 AWARDS \/ APDOVANOJIMAI (April 19, 2026) &nbsp; MULTI-FRAME EXHIBITS Name Title Points Medal Vygintas Bubnys First postage stamps of Lithuania [5F] 94 LG Antanas Burkus French Occupation Zone Stamps Designed by V. K.&nbsp; Jonynas [5F] 87 G Gra\u017eina \u017demaitien\u0117 Publishers of postcards with images of Kudirka Naumiestis (Vladislavovo) and \u0160irvinta, 1900-1942 [5F] 84 [&hellip;]<\/p>\n","protected":false},"author":1,"featured_media":0,"parent":0,"menu_order":0,"comment_status":"closed","ping_status":"closed","template":"","meta":{"_et_pb_use_builder":"","_et_pb_old_content":"","_et_gb_content_width":"1080","footnotes":""},"class_list":["post-5701","page","type-page","status-publish","hentry"],"_links":{"self":[{"href":"https:\/\/lithpex.com\/2026\/wp-json\/wp\/v2\/pages\/5701","targetHints":{"allow":["GET"]}}],"collection":[{"href":"https:\/\/lithpex.com\/2026\/wp-json\/wp\/v2\/pages"}],"about":[{"href":"https:\/\/lithpex.com\/2026\/wp-json\/wp\/v2\/types\/page"}],"author":[{"embeddable":true,"href":"https:\/\/lithpex.com\/2026\/wp-json\/wp\/v2\/users\/1"}],"replies":[{"embeddable":true,"href":"https:\/\/lithpex.com\/2026\/wp-json\/wp\/v2\/comments?post=5701"}],"version-history":[{"count":5,"href":"https:\/\/lithpex.com\/2026\/wp-json\/wp\/v2\/pages\/5701\/revisions"}],"predecessor-version":[{"id":5718,"href":"https:\/\/lithpex.com\/2026\/wp-json\/wp\/v2\/pages\/5701\/revisions\/5718"}],"wp:attachment":[{"href":"https:\/\/lithpex.com\/2026\/wp-json\/wp\/v2\/media?parent=5701"}],"curies":[{"name":"wp","href":"https:\/\/api.w.org\/{rel}","templated":true}]}}