{"id":6,"date":"2021-10-23T23:28:34","date_gmt":"2021-10-23T23:28:34","guid":{"rendered":"https:\/\/lithpex.com\/2022\/?page_id=6"},"modified":"2023-10-17T11:02:41","modified_gmt":"2023-10-17T11:02:41","slug":"contacts","status":"publish","type":"page","link":"https:\/\/lithpex.com\/2022\/contacts\/","title":{"rendered":"Contacts \/ Kontaktai"},"content":{"rendered":"\n<p>EN &#8211; For all inquiries related to the LITHPEX-2022 exhibition, please fill out the form below.<\/p>\n\n\n\n<p>LT &#8211; Visais klausimais susijusiais su LITHPEX-2022 paroda, u\u017epildykite \u017eemiau esan\u010di\u0105 u\u017eklausimo anket\u0105.<\/p>\n","protected":false},"excerpt":{"rendered":"<p>EN &#8211; For all inquiries related to the LITHPEX-2022 exhibition, please fill out the form below. LT &#8211; Visais klausimais susijusiais su LITHPEX-2022 paroda, u\u017epildykite \u017eemiau esan\u010di\u0105 u\u017eklausimo anket\u0105.<\/p>\n","protected":false},"author":5,"featured_media":0,"parent":0,"menu_order":0,"comment_status":"closed","ping_status":"closed","template":"","meta":{"_et_pb_use_builder":"","_et_pb_old_content":"","_et_gb_content_width":"","footnotes":""},"class_list":["post-6","page","type-page","status-publish","hentry"],"jetpack_sharing_enabled":true,"_links":{"self":[{"href":"https:\/\/lithpex.com\/2022\/wp-json\/wp\/v2\/pages\/6","targetHints":{"allow":["GET"]}}],"collection":[{"href":"https:\/\/lithpex.com\/2022\/wp-json\/wp\/v2\/pages"}],"about":[{"href":"https:\/\/lithpex.com\/2022\/wp-json\/wp\/v2\/types\/page"}],"author":[{"embeddable":true,"href":"https:\/\/lithpex.com\/2022\/wp-json\/wp\/v2\/users\/5"}],"replies":[{"embeddable":true,"href":"https:\/\/lithpex.com\/2022\/wp-json\/wp\/v2\/comments?post=6"}],"version-history":[{"count":3,"href":"https:\/\/lithpex.com\/2022\/wp-json\/wp\/v2\/pages\/6\/revisions"}],"predecessor-version":[{"id":3795,"href":"https:\/\/lithpex.com\/2022\/wp-json\/wp\/v2\/pages\/6\/revisions\/3795"}],"wp:attachment":[{"href":"https:\/\/lithpex.com\/2022\/wp-json\/wp\/v2\/media?parent=6"}],"curies":[{"name":"wp","href":"https:\/\/api.w.org\/{rel}","templated":true}]}}